{"id":1318,"date":"2025-02-26T08:27:32","date_gmt":"2025-02-26T08:27:32","guid":{"rendered":"https:\/\/understandautism0204.org\/?page_id=1318"},"modified":"2025-02-26T08:54:49","modified_gmt":"2025-02-26T08:54:49","slug":"gry-i-zabawy","status":"publish","type":"page","link":"https:\/\/understandautism0204.org\/en\/gry-i-zabawy\/","title":{"rendered":"Gry i zabawy"},"content":{"rendered":"<div data-elementor-type=\"wp-page\" data-elementor-id=\"1318\" class=\"elementor elementor-1318\" data-elementor-post-type=\"page\">\n\t\t\t\t<div class=\"elementor-element elementor-element-92de3d2 e-flex e-con-boxed e-con e-parent\" data-id=\"92de3d2\" data-element_type=\"container\" data-e-type=\"container\">\n\t\t\t\t\t<div class=\"e-con-inner\">\n\t\t<div class=\"elementor-element elementor-element-4e62b3f e-con-full e-flex e-con e-child\" data-id=\"4e62b3f\" data-element_type=\"container\" data-e-type=\"container\">\n\t\t\t\t<div class=\"elementor-element elementor-element-4264181 elementor-widget elementor-widget-image\" data-id=\"4264181\" data-element_type=\"widget\" data-e-type=\"widget\" data-widget_type=\"image.default\">\n\t\t\t\t<div class=\"elementor-widget-container\">\n\t\t\t\t\t\t\t\t\t\t\t\t\t\t\t<img decoding=\"async\" src=\"https:\/\/understandautism0204.org\/wp-content\/plugins\/elementor\/assets\/images\/placeholder.png\" title=\"\" alt=\"\" loading=\"lazy\" \/>\t\t\t\t\t\t\t\t\t\t\t\t\t\t\t<\/div>\n\t\t\t\t<\/div>\n\t\t\t\t<\/div>\n\t\t<div class=\"elementor-element elementor-element-a3729af e-con-full e-flex e-con e-child\" data-id=\"a3729af\" data-element_type=\"container\" data-e-type=\"container\">\n\t\t<div class=\"elementor-element elementor-element-16c77bf e-con-full e-flex e-con e-child\" data-id=\"16c77bf\" data-element_type=\"container\" data-e-type=\"container\">\n\t\t\t\t<div class=\"elementor-element elementor-element-5a0dea3 elementor-widget elementor-widget-heading\" data-id=\"5a0dea3\" data-element_type=\"widget\" data-e-type=\"widget\" data-widget_type=\"heading.default\">\n\t\t\t\t<div class=\"elementor-widget-container\">\n\t\t\t\t\t<h2 class=\"elementor-heading-title elementor-size-default\">Add Your Heading Text Here<\/h2>\t\t\t\t<\/div>\n\t\t\t\t<\/div>\n\t\t\t\t<\/div>\n\t\t<div class=\"elementor-element elementor-element-12a4ff4 e-con-full e-flex e-con e-child\" data-id=\"12a4ff4\" data-element_type=\"container\" data-e-type=\"container\">\n\t\t\t\t<div class=\"elementor-element elementor-element-dc7d0de elementor-widget elementor-widget-text-editor\" data-id=\"dc7d0de\" data-element_type=\"widget\" data-e-type=\"widget\" data-widget_type=\"text-editor.default\">\n\t\t\t\t<div class=\"elementor-widget-container\">\n\t\t\t\t\t\t\t\t\t<p>Lorem ipsum dolor sit amet, consectetur adipiscing elit. Ut elit tellus, luctus nec ullamcorper mattis, pulvinar dapibus leo.<\/p>\t\t\t\t\t\t\t\t<\/div>\n\t\t\t\t<\/div>\n\t\t\t\t<div class=\"elementor-element elementor-element-0a6353e elementor-widget elementor-widget-spacer\" data-id=\"0a6353e\" data-element_type=\"widget\" data-e-type=\"widget\" data-widget_type=\"spacer.default\">\n\t\t\t\t<div class=\"elementor-widget-container\">\n\t\t\t\t\t\t\t<div class=\"elementor-spacer\">\n\t\t\t<div class=\"elementor-spacer-inner\"><\/div>\n\t\t<\/div>\n\t\t\t\t\t\t<\/div>\n\t\t\t\t<\/div>\n\t\t\t\t<div class=\"elementor-element elementor-element-4ec636f elementor-widget elementor-widget-button\" data-id=\"4ec636f\" data-element_type=\"widget\" data-e-type=\"widget\" data-widget_type=\"button.default\">\n\t\t\t\t<div class=\"elementor-widget-container\">\n\t\t\t\t\t\t\t\t\t<div class=\"elementor-button-wrapper\">\n\t\t\t\t\t<a class=\"elementor-button elementor-size-sm\" role=\"button\">\n\t\t\t\t\t\t<span class=\"elementor-button-content-wrapper\">\n\t\t\t\t\t\t\t\t\t<span class=\"elementor-button-text\">Click here<\/span>\n\t\t\t\t\t<\/span>\n\t\t\t\t\t<\/a>\n\t\t\t\t<\/div>\n\t\t\t\t\t\t\t\t<\/div>\n\t\t\t\t<\/div>\n\t\t\t\t<\/div>\n\t\t\t\t<\/div>\n\t\t\t\t\t<\/div>\n\t\t\t\t<\/div>\n\t\t<div class=\"elementor-element elementor-element-e4eb6a6 e-flex e-con-boxed e-con e-parent\" data-id=\"e4eb6a6\" data-element_type=\"container\" data-e-type=\"container\">\n\t\t\t\t\t<div class=\"e-con-inner\">\n\t\t<div class=\"elementor-element elementor-element-97c6fec e-con-full e-flex e-con e-child\" data-id=\"97c6fec\" data-element_type=\"container\" data-e-type=\"container\">\n\t\t\t\t<div class=\"elementor-element elementor-element-e37cff2 elementor-widget elementor-widget-image\" data-id=\"e37cff2\" data-element_type=\"widget\" data-e-type=\"widget\" data-widget_type=\"image.default\">\n\t\t\t\t<div class=\"elementor-widget-container\">\n\t\t\t\t\t\t\t\t\t\t\t\t\t\t\t<img decoding=\"async\" src=\"https:\/\/understandautism0204.org\/wp-content\/plugins\/elementor\/assets\/images\/placeholder.png\" title=\"\" alt=\"\" loading=\"lazy\" \/>\t\t\t\t\t\t\t\t\t\t\t\t\t\t\t<\/div>\n\t\t\t\t<\/div>\n\t\t\t\t<\/div>\n\t\t<div class=\"elementor-element elementor-element-26315ea e-con-full e-flex e-con e-child\" data-id=\"26315ea\" data-element_type=\"container\" data-e-type=\"container\">\n\t\t<div class=\"elementor-element elementor-element-6a9cd55 e-con-full e-flex e-con e-child\" data-id=\"6a9cd55\" data-element_type=\"container\" data-e-type=\"container\">\n\t\t\t\t<div class=\"elementor-element elementor-element-b29d29f elementor-widget elementor-widget-heading\" data-id=\"b29d29f\" data-element_type=\"widget\" data-e-type=\"widget\" data-widget_type=\"heading.default\">\n\t\t\t\t<div class=\"elementor-widget-container\">\n\t\t\t\t\t<h2 class=\"elementor-heading-title elementor-size-default\">Add Your Heading Text Here<\/h2>\t\t\t\t<\/div>\n\t\t\t\t<\/div>\n\t\t\t\t<\/div>\n\t\t<div class=\"elementor-element elementor-element-ea7b446 e-con-full e-flex e-con e-child\" data-id=\"ea7b446\" data-element_type=\"container\" data-e-type=\"container\">\n\t\t\t\t<div class=\"elementor-element elementor-element-83918db elementor-widget elementor-widget-text-editor\" data-id=\"83918db\" data-element_type=\"widget\" data-e-type=\"widget\" data-widget_type=\"text-editor.default\">\n\t\t\t\t<div class=\"elementor-widget-container\">\n\t\t\t\t\t\t\t\t\t<p>Lorem ipsum dolor sit amet, consectetur adipiscing elit. Ut elit tellus, luctus nec ullamcorper mattis, pulvinar dapibus leo.<\/p>\t\t\t\t\t\t\t\t<\/div>\n\t\t\t\t<\/div>\n\t\t\t\t<div class=\"elementor-element elementor-element-871015d elementor-widget elementor-widget-spacer\" data-id=\"871015d\" data-element_type=\"widget\" data-e-type=\"widget\" data-widget_type=\"spacer.default\">\n\t\t\t\t<div class=\"elementor-widget-container\">\n\t\t\t\t\t\t\t<div class=\"elementor-spacer\">\n\t\t\t<div class=\"elementor-spacer-inner\"><\/div>\n\t\t<\/div>\n\t\t\t\t\t\t<\/div>\n\t\t\t\t<\/div>\n\t\t\t\t<div class=\"elementor-element elementor-element-40e67e8 elementor-widget elementor-widget-button\" data-id=\"40e67e8\" data-element_type=\"widget\" data-e-type=\"widget\" data-widget_type=\"button.default\">\n\t\t\t\t<div class=\"elementor-widget-container\">\n\t\t\t\t\t\t\t\t\t<div class=\"elementor-button-wrapper\">\n\t\t\t\t\t<a class=\"elementor-button elementor-size-sm\" role=\"button\">\n\t\t\t\t\t\t<span class=\"elementor-button-content-wrapper\">\n\t\t\t\t\t\t\t\t\t<span class=\"elementor-button-text\">Click here<\/span>\n\t\t\t\t\t<\/span>\n\t\t\t\t\t<\/a>\n\t\t\t\t<\/div>\n\t\t\t\t\t\t\t\t<\/div>\n\t\t\t\t<\/div>\n\t\t\t\t<\/div>\n\t\t\t\t<\/div>\n\t\t\t\t\t<\/div>\n\t\t\t\t<\/div>\n\t\t\t\t<\/div>","protected":false},"excerpt":{"rendered":"<p>Add Your Heading Text Here Lorem ipsum dolor sit amet, consectetur adipiscing elit. Ut elit tellus, luctus nec ullamcorper mattis, pulvinar dapibus leo. Click here Add Your Heading Text Here Lorem ipsum dolor sit amet, consectetur adipiscing elit. Ut elit tellus, luctus nec ullamcorper mattis, pulvinar dapibus leo. Click here<\/p>","protected":false},"author":1,"featured_media":0,"parent":0,"menu_order":0,"comment_status":"closed","ping_status":"closed","template":"","meta":{"footnotes":""},"class_list":["post-1318","page","type-page","status-publish","hentry"],"yoast_head":"<!-- This site is optimized with the Yoast SEO plugin v26.8 - https:\/\/yoast.com\/product\/yoast-seo-wordpress\/ -->\n<title>Understand Autism<\/title>\n<meta name=\"description\" content=\"Zrozumie\u0107 Autyzm \u2013 oferujemy wsparcie dla rodzic\u00f3w i dzieci w spektrum autyzmu oraz z chorobami pokrewnymi. Dzia\u0142amy w Londynie. Wejd\u017a na stron\u0119 i dowiedz si\u0119 wi\u0119cej!\" \/>\n<meta name=\"robots\" content=\"index, follow, max-snippet:-1, max-image-preview:large, max-video-preview:-1\" \/>\n<link rel=\"canonical\" href=\"https:\/\/understandautism0204.org\/en\/gry-i-zabawy\/\" \/>\n<meta property=\"og:locale\" content=\"en_GB\" \/>\n<meta property=\"og:type\" content=\"article\" \/>\n<meta property=\"og:title\" content=\"Understand Autism\" \/>\n<meta property=\"og:description\" content=\"Zrozumie\u0107 Autyzm \u2013 oferujemy wsparcie dla rodzic\u00f3w i dzieci w spektrum autyzmu oraz z chorobami pokrewnymi. Dzia\u0142amy w Londynie. Wejd\u017a na stron\u0119 i dowiedz si\u0119 wi\u0119cej!\" \/>\n<meta property=\"og:url\" content=\"https:\/\/understandautism0204.org\/en\/gry-i-zabawy\/\" \/>\n<meta property=\"og:site_name\" content=\"Understand Autism\" \/>\n<meta property=\"article:modified_time\" content=\"2025-02-26T08:54:49+00:00\" \/>\n<meta property=\"og:image\" content=\"https:\/\/understandautism0204.org\/wp-content\/plugins\/elementor\/assets\/images\/placeholder.png\" \/>\n<meta name=\"twitter:card\" content=\"summary_large_image\" \/>\n<script type=\"application\/ld+json\" class=\"yoast-schema-graph\">{\"@context\":\"https:\/\/schema.org\",\"@graph\":[{\"@type\":\"WebPage\",\"@id\":\"https:\/\/understandautism0204.org\/gry-i-zabawy\/\",\"url\":\"https:\/\/understandautism0204.org\/gry-i-zabawy\/\",\"name\":\"Understand Autism\",\"isPartOf\":{\"@id\":\"https:\/\/understandautism0204.org\/#website\"},\"primaryImageOfPage\":{\"@id\":\"https:\/\/understandautism0204.org\/gry-i-zabawy\/#primaryimage\"},\"image\":{\"@id\":\"https:\/\/understandautism0204.org\/gry-i-zabawy\/#primaryimage\"},\"thumbnailUrl\":\"https:\/\/understandautism0204.org\/wp-content\/plugins\/elementor\/assets\/images\/placeholder.png\",\"datePublished\":\"2025-02-26T08:27:32+00:00\",\"dateModified\":\"2025-02-26T08:54:49+00:00\",\"description\":\"Zrozumie\u0107 Autyzm \u2013 oferujemy wsparcie dla rodzic\u00f3w i dzieci w spektrum autyzmu oraz z chorobami pokrewnymi. Dzia\u0142amy w Londynie. Wejd\u017a na stron\u0119 i dowiedz si\u0119 wi\u0119cej!\",\"breadcrumb\":{\"@id\":\"https:\/\/understandautism0204.org\/gry-i-zabawy\/#breadcrumb\"},\"inLanguage\":\"en-GB\",\"potentialAction\":[{\"@type\":\"ReadAction\",\"target\":[\"https:\/\/understandautism0204.org\/gry-i-zabawy\/\"]}]},{\"@type\":\"ImageObject\",\"inLanguage\":\"en-GB\",\"@id\":\"https:\/\/understandautism0204.org\/gry-i-zabawy\/#primaryimage\",\"url\":\"https:\/\/understandautism0204.org\/wp-content\/plugins\/elementor\/assets\/images\/placeholder.png\",\"contentUrl\":\"https:\/\/understandautism0204.org\/wp-content\/plugins\/elementor\/assets\/images\/placeholder.png\"},{\"@type\":\"BreadcrumbList\",\"@id\":\"https:\/\/understandautism0204.org\/gry-i-zabawy\/#breadcrumb\",\"itemListElement\":[{\"@type\":\"ListItem\",\"position\":1,\"name\":\"Home\",\"item\":\"https:\/\/understandautism0204.org\/\"},{\"@type\":\"ListItem\",\"position\":2,\"name\":\"Gry i zabawy\"}]},{\"@type\":\"WebSite\",\"@id\":\"https:\/\/understandautism0204.org\/#website\",\"url\":\"https:\/\/understandautism0204.org\/\",\"name\":\"Understand Autism\",\"description\":\"Spo\u0142eczno\u015b\u0107 rodzin dzieci ze spektrum autyzmu i zaburzeniami pokrewnymi.\",\"publisher\":{\"@id\":\"https:\/\/understandautism0204.org\/#organization\"},\"alternateName\":\"Zrozumie\u0107 autyzm\",\"potentialAction\":[{\"@type\":\"SearchAction\",\"target\":{\"@type\":\"EntryPoint\",\"urlTemplate\":\"https:\/\/understandautism0204.org\/?s={search_term_string}\"},\"query-input\":{\"@type\":\"PropertyValueSpecification\",\"valueRequired\":true,\"valueName\":\"search_term_string\"}}],\"inLanguage\":\"en-GB\"},{\"@type\":\"Organization\",\"@id\":\"https:\/\/understandautism0204.org\/#organization\",\"name\":\"Understand Autism\",\"alternateName\":\"Zrozumie\u0107 autyzm\",\"url\":\"https:\/\/understandautism0204.org\/\",\"logo\":{\"@type\":\"ImageObject\",\"inLanguage\":\"en-GB\",\"@id\":\"https:\/\/understandautism0204.org\/#\/schema\/logo\/image\/\",\"url\":\"https:\/\/understandautism0204.org\/wp-content\/uploads\/2025\/01\/Untitled-design-12.png\",\"contentUrl\":\"https:\/\/understandautism0204.org\/wp-content\/uploads\/2025\/01\/Untitled-design-12.png\",\"width\":500,\"height\":500,\"caption\":\"Understand Autism\"},\"image\":{\"@id\":\"https:\/\/understandautism0204.org\/#\/schema\/logo\/image\/\"}}]}<\/script>\n<!-- \/ Yoast SEO plugin. -->","yoast_head_json":{"title":"Understand Autism","description":"Zrozumie\u0107 Autyzm \u2013 oferujemy wsparcie dla rodzic\u00f3w i dzieci w spektrum autyzmu oraz z chorobami pokrewnymi. Dzia\u0142amy w Londynie. Wejd\u017a na stron\u0119 i dowiedz si\u0119 wi\u0119cej!","robots":{"index":"index","follow":"follow","max-snippet":"max-snippet:-1","max-image-preview":"max-image-preview:large","max-video-preview":"max-video-preview:-1"},"canonical":"https:\/\/understandautism0204.org\/en\/gry-i-zabawy\/","og_locale":"en_GB","og_type":"article","og_title":"Understand Autism","og_description":"Zrozumie\u0107 Autyzm \u2013 oferujemy wsparcie dla rodzic\u00f3w i dzieci w spektrum autyzmu oraz z chorobami pokrewnymi. Dzia\u0142amy w Londynie. Wejd\u017a na stron\u0119 i dowiedz si\u0119 wi\u0119cej!","og_url":"https:\/\/understandautism0204.org\/en\/gry-i-zabawy\/","og_site_name":"Understand Autism","article_modified_time":"2025-02-26T08:54:49+00:00","og_image":[{"url":"https:\/\/understandautism0204.org\/wp-content\/plugins\/elementor\/assets\/images\/placeholder.png","type":"","width":"","height":""}],"twitter_card":"summary_large_image","schema":{"@context":"https:\/\/schema.org","@graph":[{"@type":"WebPage","@id":"https:\/\/understandautism0204.org\/gry-i-zabawy\/","url":"https:\/\/understandautism0204.org\/gry-i-zabawy\/","name":"Understand Autism","isPartOf":{"@id":"https:\/\/understandautism0204.org\/#website"},"primaryImageOfPage":{"@id":"https:\/\/understandautism0204.org\/gry-i-zabawy\/#primaryimage"},"image":{"@id":"https:\/\/understandautism0204.org\/gry-i-zabawy\/#primaryimage"},"thumbnailUrl":"https:\/\/understandautism0204.org\/wp-content\/plugins\/elementor\/assets\/images\/placeholder.png","datePublished":"2025-02-26T08:27:32+00:00","dateModified":"2025-02-26T08:54:49+00:00","description":"Zrozumie\u0107 Autyzm \u2013 oferujemy wsparcie dla rodzic\u00f3w i dzieci w spektrum autyzmu oraz z chorobami pokrewnymi. Dzia\u0142amy w Londynie. Wejd\u017a na stron\u0119 i dowiedz si\u0119 wi\u0119cej!","breadcrumb":{"@id":"https:\/\/understandautism0204.org\/gry-i-zabawy\/#breadcrumb"},"inLanguage":"en-GB","potentialAction":[{"@type":"ReadAction","target":["https:\/\/understandautism0204.org\/gry-i-zabawy\/"]}]},{"@type":"ImageObject","inLanguage":"en-GB","@id":"https:\/\/understandautism0204.org\/gry-i-zabawy\/#primaryimage","url":"https:\/\/understandautism0204.org\/wp-content\/plugins\/elementor\/assets\/images\/placeholder.png","contentUrl":"https:\/\/understandautism0204.org\/wp-content\/plugins\/elementor\/assets\/images\/placeholder.png"},{"@type":"BreadcrumbList","@id":"https:\/\/understandautism0204.org\/gry-i-zabawy\/#breadcrumb","itemListElement":[{"@type":"ListItem","position":1,"name":"Home","item":"https:\/\/understandautism0204.org\/"},{"@type":"ListItem","position":2,"name":"Gry i zabawy"}]},{"@type":"WebSite","@id":"https:\/\/understandautism0204.org\/#website","url":"https:\/\/understandautism0204.org\/","name":"Understand Autism","description":"Spo\u0142eczno\u015b\u0107 rodzin dzieci ze spektrum autyzmu i zaburzeniami pokrewnymi.","publisher":{"@id":"https:\/\/understandautism0204.org\/#organization"},"alternateName":"Zrozumie\u0107 autyzm","potentialAction":[{"@type":"SearchAction","target":{"@type":"EntryPoint","urlTemplate":"https:\/\/understandautism0204.org\/?s={search_term_string}"},"query-input":{"@type":"PropertyValueSpecification","valueRequired":true,"valueName":"search_term_string"}}],"inLanguage":"en-GB"},{"@type":"Organization","@id":"https:\/\/understandautism0204.org\/#organization","name":"Understand Autism","alternateName":"Zrozumie\u0107 autyzm","url":"https:\/\/understandautism0204.org\/","logo":{"@type":"ImageObject","inLanguage":"en-GB","@id":"https:\/\/understandautism0204.org\/#\/schema\/logo\/image\/","url":"https:\/\/understandautism0204.org\/wp-content\/uploads\/2025\/01\/Untitled-design-12.png","contentUrl":"https:\/\/understandautism0204.org\/wp-content\/uploads\/2025\/01\/Untitled-design-12.png","width":500,"height":500,"caption":"Understand Autism"},"image":{"@id":"https:\/\/understandautism0204.org\/#\/schema\/logo\/image\/"}}]}},"_links":{"self":[{"href":"https:\/\/understandautism0204.org\/en\/wp-json\/wp\/v2\/pages\/1318","targetHints":{"allow":["GET"]}}],"collection":[{"href":"https:\/\/understandautism0204.org\/en\/wp-json\/wp\/v2\/pages"}],"about":[{"href":"https:\/\/understandautism0204.org\/en\/wp-json\/wp\/v2\/types\/page"}],"author":[{"embeddable":true,"href":"https:\/\/understandautism0204.org\/en\/wp-json\/wp\/v2\/users\/1"}],"replies":[{"embeddable":true,"href":"https:\/\/understandautism0204.org\/en\/wp-json\/wp\/v2\/comments?post=1318"}],"version-history":[{"count":4,"href":"https:\/\/understandautism0204.org\/en\/wp-json\/wp\/v2\/pages\/1318\/revisions"}],"predecessor-version":[{"id":1324,"href":"https:\/\/understandautism0204.org\/en\/wp-json\/wp\/v2\/pages\/1318\/revisions\/1324"}],"wp:attachment":[{"href":"https:\/\/understandautism0204.org\/en\/wp-json\/wp\/v2\/media?parent=1318"}],"curies":[{"name":"wp","href":"https:\/\/api.w.org\/{rel}","templated":true}]}}