{"id":1328,"date":"2025-02-26T09:00:26","date_gmt":"2025-02-26T09:00:26","guid":{"rendered":"https:\/\/understandautism0204.org\/?page_id=1328"},"modified":"2025-03-05T20:50:37","modified_gmt":"2025-03-05T20:50:37","slug":"kontakt","status":"publish","type":"page","link":"https:\/\/understandautism0204.org\/en\/kontakt\/","title":{"rendered":"Contact"},"content":{"rendered":"\t\t<div data-elementor-type=\"wp-page\" data-elementor-id=\"1328\" class=\"elementor elementor-1328\" data-elementor-post-type=\"page\">\n\t\t\t\t<div class=\"elementor-element elementor-element-4d94ff24 e-flex e-con-boxed e-con e-parent\" data-id=\"4d94ff24\" data-element_type=\"container\" data-e-type=\"container\">\n\t\t\t\t\t<div class=\"e-con-inner\">\n\t\t\t\t<div class=\"elementor-element elementor-element-1ae3e97c elementor-widget elementor-widget-spacer\" data-id=\"1ae3e97c\" data-element_type=\"widget\" data-e-type=\"widget\" data-widget_type=\"spacer.default\">\n\t\t\t\t<div class=\"elementor-widget-container\">\n\t\t\t\t\t\t\t<div class=\"elementor-spacer\">\n\t\t\t<div class=\"elementor-spacer-inner\"><\/div>\n\t\t<\/div>\n\t\t\t\t\t\t<\/div>\n\t\t\t\t<\/div>\n\t\t<div class=\"elementor-element elementor-element-3f24c907 e-con-full e-flex e-con e-child\" data-id=\"3f24c907\" data-element_type=\"container\" data-e-type=\"container\">\n\t\t\t\t<\/div>\n\t\t<div class=\"elementor-element elementor-element-45f83cb3 e-con-full e-flex e-con e-child\" data-id=\"45f83cb3\" data-element_type=\"container\" data-e-type=\"container\">\n\t\t<div class=\"elementor-element elementor-element-41632cb2 e-con-full e-flex e-con e-child\" data-id=\"41632cb2\" data-element_type=\"container\" data-e-type=\"container\">\n\t\t\t\t<div class=\"elementor-element elementor-element-50762ed2 elementor-widget elementor-widget-heading\" data-id=\"50762ed2\" data-element_type=\"widget\" data-e-type=\"widget\" data-widget_type=\"heading.default\">\n\t\t\t\t<div class=\"elementor-widget-container\">\n\t\t\t\t\t<h2 class=\"elementor-heading-title elementor-size-default\">Skontaktuj si\u0119 z nami<\/h2>\t\t\t\t<\/div>\n\t\t\t\t<\/div>\n\t\t\t\t<\/div>\n\t\t<div class=\"elementor-element elementor-element-6d3a5b45 e-con-full e-flex e-con e-child\" data-id=\"6d3a5b45\" data-element_type=\"container\" data-e-type=\"container\">\n\t\t\t\t<div class=\"elementor-element elementor-element-315311ec elementor-widget elementor-widget-spacer\" data-id=\"315311ec\" data-element_type=\"widget\" data-e-type=\"widget\" data-widget_type=\"spacer.default\">\n\t\t\t\t<div class=\"elementor-widget-container\">\n\t\t\t\t\t\t\t<div class=\"elementor-spacer\">\n\t\t\t<div class=\"elementor-spacer-inner\"><\/div>\n\t\t<\/div>\n\t\t\t\t\t\t<\/div>\n\t\t\t\t<\/div>\n\t\t<div class=\"elementor-element elementor-element-359b8cf e-con-full e-flex e-con e-child\" data-id=\"359b8cf\" data-element_type=\"container\" data-e-type=\"container\">\n\t\t\t\t<\/div>\n\t\t\t\t<\/div>\n\t\t\t\t<\/div>\n\t\t\t\t\t<\/div>\n\t\t\t\t<\/div>\n\t\t<div class=\"elementor-element elementor-element-7fbc90f e-flex e-con-boxed e-con e-parent\" data-id=\"7fbc90f\" data-element_type=\"container\" data-e-type=\"container\">\n\t\t\t\t\t<div class=\"e-con-inner\">\n\t\t\t\t<div class=\"elementor-element elementor-element-a3dfc36 elementor-widget elementor-widget-spacer\" data-id=\"a3dfc36\" data-element_type=\"widget\" data-e-type=\"widget\" data-widget_type=\"spacer.default\">\n\t\t\t\t<div class=\"elementor-widget-container\">\n\t\t\t\t\t\t\t<div class=\"elementor-spacer\">\n\t\t\t<div class=\"elementor-spacer-inner\"><\/div>\n\t\t<\/div>\n\t\t\t\t\t\t<\/div>\n\t\t\t\t<\/div>\n\t\t\t\t\t<\/div>\n\t\t\t\t<\/div>\n\t\t<div class=\"elementor-element elementor-element-fb49a2f e-flex e-con-boxed e-con e-parent\" data-id=\"fb49a2f\" data-element_type=\"container\" data-e-type=\"container\">\n\t\t\t\t\t<div class=\"e-con-inner\">\n\t\t<div class=\"elementor-element elementor-element-b8b722d e-con-full e-flex e-con e-child\" data-id=\"b8b722d\" data-element_type=\"container\" data-e-type=\"container\">\n\t\t\t\t<div class=\"elementor-element elementor-element-7d4f78e elementor-widget elementor-widget-text-editor\" data-id=\"7d4f78e\" data-element_type=\"widget\" data-e-type=\"widget\" data-widget_type=\"text-editor.default\">\n\t\t\t\t<div class=\"elementor-widget-container\">\n\t\t\t\t\t\t\t\t\t<p>Magdalena Kami\u0144ska<\/p>\t\t\t\t\t\t\t\t<\/div>\n\t\t\t\t<\/div>\n\t\t\t\t<div class=\"elementor-element elementor-element-62573581 elementor-view-framed elementor-shape-circle elementor-widget elementor-widget-icon\" data-id=\"62573581\" data-element_type=\"widget\" data-e-type=\"widget\" data-widget_type=\"icon.default\">\n\t\t\t\t<div class=\"elementor-widget-container\">\n\t\t\t\t\t\t\t<div class=\"elementor-icon-wrapper\">\n\t\t\t<div class=\"elementor-icon\">\n\t\t\t<svg aria-hidden=\"true\" class=\"e-font-icon-svg e-fas-phone-volume\" viewBox=\"0 0 384 512\" xmlns=\"http:\/\/www.w3.org\/2000\/svg\"><path d=\"M97.333 506.966c-129.874-129.874-129.681-340.252 0-469.933 5.698-5.698 14.527-6.632 21.263-2.422l64.817 40.513a17.187 17.187 0 0 1 6.849 20.958l-32.408 81.021a17.188 17.188 0 0 1-17.669 10.719l-55.81-5.58c-21.051 58.261-20.612 122.471 0 179.515l55.811-5.581a17.188 17.188 0 0 1 17.669 10.719l32.408 81.022a17.188 17.188 0 0 1-6.849 20.958l-64.817 40.513a17.19 17.19 0 0 1-21.264-2.422zM247.126 95.473c11.832 20.047 11.832 45.008 0 65.055-3.95 6.693-13.108 7.959-18.718 2.581l-5.975-5.726c-3.911-3.748-4.793-9.622-2.261-14.41a32.063 32.063 0 0 0 0-29.945c-2.533-4.788-1.65-10.662 2.261-14.41l5.975-5.726c5.61-5.378 14.768-4.112 18.718 2.581zm91.787-91.187c60.14 71.604 60.092 175.882 0 247.428-4.474 5.327-12.53 5.746-17.552.933l-5.798-5.557c-4.56-4.371-4.977-11.529-.93-16.379 49.687-59.538 49.646-145.933 0-205.422-4.047-4.85-3.631-12.008.93-16.379l5.798-5.557c5.022-4.813 13.078-4.394 17.552.933zm-45.972 44.941c36.05 46.322 36.108 111.149 0 157.546-4.39 5.641-12.697 6.251-17.856 1.304l-5.818-5.579c-4.4-4.219-4.998-11.095-1.285-15.931 26.536-34.564 26.534-82.572 0-117.134-3.713-4.836-3.115-11.711 1.285-15.931l5.818-5.579c5.159-4.947 13.466-4.337 17.856 1.304z\"><\/path><\/svg>\t\t\t<\/div>\n\t\t<\/div>\n\t\t\t\t\t\t<\/div>\n\t\t\t\t<\/div>\n\t\t\t\t<div class=\"elementor-element elementor-element-21d8868f elementor-widget elementor-widget-text-editor\" data-id=\"21d8868f\" data-element_type=\"widget\" data-e-type=\"widget\" data-widget_type=\"text-editor.default\">\n\t\t\t\t<div class=\"elementor-widget-container\">\n\t\t\t\t\t\t\t\t\t<p>+447472855255<\/p>\t\t\t\t\t\t\t\t<\/div>\n\t\t\t\t<\/div>\n\t\t\t\t<div class=\"elementor-element elementor-element-1effc1d elementor-widget-divider--view-line elementor-widget elementor-widget-divider\" data-id=\"1effc1d\" data-element_type=\"widget\" data-e-type=\"widget\" data-widget_type=\"divider.default\">\n\t\t\t\t<div class=\"elementor-widget-container\">\n\t\t\t\t\t\t\t<div class=\"elementor-divider\">\n\t\t\t<span class=\"elementor-divider-separator\">\n\t\t\t\t\t\t<\/span>\n\t\t<\/div>\n\t\t\t\t\t\t<\/div>\n\t\t\t\t<\/div>\n\t\t\t\t<div class=\"elementor-element elementor-element-ba0dbbd elementor-widget elementor-widget-text-editor\" data-id=\"ba0dbbd\" data-element_type=\"widget\" data-e-type=\"widget\" data-widget_type=\"text-editor.default\">\n\t\t\t\t<div class=\"elementor-widget-container\">\n\t\t\t\t\t\t\t\t\t<p>Marlena Bo\u0142truczuk<\/p><p>Terapeutka wspomagaj\u0105ca dzieci ze spektrum autyzmu<\/p>\t\t\t\t\t\t\t\t<\/div>\n\t\t\t\t<\/div>\n\t\t\t\t<div class=\"elementor-element elementor-element-d147c37 elementor-view-framed elementor-shape-circle elementor-widget elementor-widget-icon\" data-id=\"d147c37\" data-element_type=\"widget\" data-e-type=\"widget\" data-widget_type=\"icon.default\">\n\t\t\t\t<div class=\"elementor-widget-container\">\n\t\t\t\t\t\t\t<div class=\"elementor-icon-wrapper\">\n\t\t\t<div class=\"elementor-icon\">\n\t\t\t<svg aria-hidden=\"true\" class=\"e-font-icon-svg e-fas-phone-volume\" viewBox=\"0 0 384 512\" xmlns=\"http:\/\/www.w3.org\/2000\/svg\"><path d=\"M97.333 506.966c-129.874-129.874-129.681-340.252 0-469.933 5.698-5.698 14.527-6.632 21.263-2.422l64.817 40.513a17.187 17.187 0 0 1 6.849 20.958l-32.408 81.021a17.188 17.188 0 0 1-17.669 10.719l-55.81-5.58c-21.051 58.261-20.612 122.471 0 179.515l55.811-5.581a17.188 17.188 0 0 1 17.669 10.719l32.408 81.022a17.188 17.188 0 0 1-6.849 20.958l-64.817 40.513a17.19 17.19 0 0 1-21.264-2.422zM247.126 95.473c11.832 20.047 11.832 45.008 0 65.055-3.95 6.693-13.108 7.959-18.718 2.581l-5.975-5.726c-3.911-3.748-4.793-9.622-2.261-14.41a32.063 32.063 0 0 0 0-29.945c-2.533-4.788-1.65-10.662 2.261-14.41l5.975-5.726c5.61-5.378 14.768-4.112 18.718 2.581zm91.787-91.187c60.14 71.604 60.092 175.882 0 247.428-4.474 5.327-12.53 5.746-17.552.933l-5.798-5.557c-4.56-4.371-4.977-11.529-.93-16.379 49.687-59.538 49.646-145.933 0-205.422-4.047-4.85-3.631-12.008.93-16.379l5.798-5.557c5.022-4.813 13.078-4.394 17.552.933zm-45.972 44.941c36.05 46.322 36.108 111.149 0 157.546-4.39 5.641-12.697 6.251-17.856 1.304l-5.818-5.579c-4.4-4.219-4.998-11.095-1.285-15.931 26.536-34.564 26.534-82.572 0-117.134-3.713-4.836-3.115-11.711 1.285-15.931l5.818-5.579c5.159-4.947 13.466-4.337 17.856 1.304z\"><\/path><\/svg>\t\t\t<\/div>\n\t\t<\/div>\n\t\t\t\t\t\t<\/div>\n\t\t\t\t<\/div>\n\t\t\t\t<div class=\"elementor-element elementor-element-719c2a3 elementor-widget elementor-widget-text-editor\" data-id=\"719c2a3\" data-element_type=\"widget\" data-e-type=\"widget\" data-widget_type=\"text-editor.default\">\n\t\t\t\t<div class=\"elementor-widget-container\">\n\t\t\t\t\t\t\t\t\t<p>+447593907798<\/p>\t\t\t\t\t\t\t\t<\/div>\n\t\t\t\t<\/div>\n\t\t\t\t<\/div>\n\t\t\t\t<div class=\"elementor-element elementor-element-a3fe958 elementor-widget elementor-widget-spacer\" data-id=\"a3fe958\" data-element_type=\"widget\" data-e-type=\"widget\" data-widget_type=\"spacer.default\">\n\t\t\t\t<div class=\"elementor-widget-container\">\n\t\t\t\t\t\t\t<div class=\"elementor-spacer\">\n\t\t\t<div class=\"elementor-spacer-inner\"><\/div>\n\t\t<\/div>\n\t\t\t\t\t\t<\/div>\n\t\t\t\t<\/div>\n\t\t<div class=\"elementor-element elementor-element-4c672e1 e-con-full e-flex e-con e-child\" data-id=\"4c672e1\" data-element_type=\"container\" data-e-type=\"container\">\n\t\t\t\t<div class=\"elementor-element elementor-element-b5496e6 elementor-button-align-stretch elementor-widget elementor-widget-global elementor-global-1380 elementor-widget-form\" data-id=\"b5496e6\" data-element_type=\"widget\" data-e-type=\"widget\" data-settings=\"{&quot;step_next_label&quot;:&quot;Next&quot;,&quot;step_previous_label&quot;:&quot;Previous&quot;,&quot;button_width&quot;:&quot;100&quot;,&quot;step_type&quot;:&quot;number_text&quot;,&quot;step_icon_shape&quot;:&quot;circle&quot;}\" data-widget_type=\"form.default\">\n\t\t\t\t<div class=\"elementor-widget-container\">\n\t\t\t\t\t\t\t<form class=\"elementor-form\" method=\"post\" name=\"New Form\" aria-label=\"New Form\">\n\t\t\t<input type=\"hidden\" name=\"post_id\" value=\"1328\"\/>\n\t\t\t<input type=\"hidden\" name=\"form_id\" value=\"b5496e6\"\/>\n\t\t\t<input type=\"hidden\" name=\"referer_title\" value=\"Understand Autism\" \/>\n\n\t\t\t\n\t\t\t<div class=\"elementor-form-fields-wrapper elementor-labels-above\">\n\t\t\t\t\t\t\t\t<div class=\"elementor-field-type-text elementor-field-group elementor-column elementor-field-group-name elementor-col-100\">\n\t\t\t\t\t\t\t\t\t\t\t\t<label for=\"form-field-name\" class=\"elementor-field-label\">\n\t\t\t\t\t\t\t\tImi\u0119 i nazwisko\t\t\t\t\t\t\t<\/label>\n\t\t\t\t\t\t\t\t\t\t\t\t\t\t<input size=\"1\" type=\"text\" name=\"form_fields[name]\" id=\"form-field-name\" class=\"elementor-field elementor-size-sm  elementor-field-textual\" placeholder=\"Name\">\n\t\t\t\t\t\t\t\t\t\t\t<\/div>\n\t\t\t\t\t\t\t\t<div class=\"elementor-field-type-email elementor-field-group elementor-column elementor-field-group-email elementor-col-100 elementor-field-required\">\n\t\t\t\t\t\t\t\t\t\t\t\t<label for=\"form-field-email\" class=\"elementor-field-label\">\n\t\t\t\t\t\t\t\tEmail\t\t\t\t\t\t\t<\/label>\n\t\t\t\t\t\t\t\t\t\t\t\t\t\t<input size=\"1\" type=\"email\" name=\"form_fields[email]\" id=\"form-field-email\" class=\"elementor-field elementor-size-sm  elementor-field-textual\" placeholder=\"Email\" required=\"required\">\n\t\t\t\t\t\t\t\t\t\t\t<\/div>\n\t\t\t\t\t\t\t\t<div class=\"elementor-field-type-textarea elementor-field-group elementor-column elementor-field-group-message elementor-col-100\">\n\t\t\t\t\t\t\t\t\t\t\t\t<label for=\"form-field-message\" class=\"elementor-field-label\">\n\t\t\t\t\t\t\t\tWiadomo\u015b\u0107 \t\t\t\t\t\t\t<\/label>\n\t\t\t\t\t\t<textarea class=\"elementor-field-textual elementor-field  elementor-size-sm\" name=\"form_fields[message]\" id=\"form-field-message\" rows=\"4\" placeholder=\"Message\"><\/textarea>\t\t\t\t<\/div>\n\t\t\t\t\t\t\t\t<div class=\"elementor-field-type-recaptcha_v3 elementor-field-group elementor-column elementor-field-group-field_8ee4ef3 elementor-col-100 recaptcha_v3-bottomright\">\n\t\t\t\t\t<div class=\"elementor-field\" id=\"form-field-field_8ee4ef3\"><div class=\"elementor-g-recaptcha\" data-sitekey=\"6Le6JuMqAAAAAMwZ9ICnf6JowkpSEuZXqAt_VNUG\" data-type=\"v3\" data-action=\"Form\" data-badge=\"bottomright\" data-size=\"invisible\"><\/div><\/div>\t\t\t\t<\/div>\n\t\t\t\t\t\t\t\t<div class=\"elementor-field-group elementor-column elementor-field-type-submit elementor-col-100 e-form__buttons\">\n\t\t\t\t\t<button class=\"elementor-button elementor-size-sm\" type=\"submit\">\n\t\t\t\t\t\t<span class=\"elementor-button-content-wrapper\">\n\t\t\t\t\t\t\t\t\t\t\t\t\t\t\t\t\t\t\t\t\t\t<span class=\"elementor-button-text\">Send<\/span>\n\t\t\t\t\t\t\t\t\t\t\t\t\t<\/span>\n\t\t\t\t\t<\/button>\n\t\t\t\t<\/div>\n\t\t\t<\/div>\n\t\t<\/form>\n\t\t\t\t\t\t<\/div>\n\t\t\t\t<\/div>\n\t\t\t\t<\/div>\n\t\t\t\t\t<\/div>\n\t\t\t\t<\/div>\n\t\t<div class=\"elementor-element elementor-element-58578d9 e-flex e-con-boxed e-con e-parent\" data-id=\"58578d9\" data-element_type=\"container\" data-e-type=\"container\">\n\t\t\t\t\t<div class=\"e-con-inner\">\n\t\t\t\t<div class=\"elementor-element elementor-element-cf2466a elementor-widget elementor-widget-spacer\" data-id=\"cf2466a\" data-element_type=\"widget\" data-e-type=\"widget\" data-widget_type=\"spacer.default\">\n\t\t\t\t<div class=\"elementor-widget-container\">\n\t\t\t\t\t\t\t<div class=\"elementor-spacer\">\n\t\t\t<div class=\"elementor-spacer-inner\"><\/div>\n\t\t<\/div>\n\t\t\t\t\t\t<\/div>\n\t\t\t\t<\/div>\n\t\t\t\t\t<\/div>\n\t\t\t\t<\/div>\n\t\t<div class=\"elementor-element elementor-element-82448df e-flex e-con-boxed e-con e-parent\" data-id=\"82448df\" data-element_type=\"container\" data-e-type=\"container\">\n\t\t\t\t\t<div class=\"e-con-inner\">\n\t\t<div class=\"elementor-element elementor-element-d4c9efe e-con-full e-flex e-con e-child\" data-id=\"d4c9efe\" data-element_type=\"container\" data-e-type=\"container\">\n\t\t\t\t<\/div>\n\t\t<div class=\"elementor-element elementor-element-7970f5b e-con-full e-flex e-con e-child\" data-id=\"7970f5b\" data-element_type=\"container\" data-e-type=\"container\">\n\t\t\t\t<\/div>\n\t\t\t\t\t<\/div>\n\t\t\t\t<\/div>\n\t\t\t\t<\/div>\n\t\t","protected":false},"excerpt":{"rendered":"<p>Skontaktuj si\u0119 z nami Magdalena Kami\u0144ska +447472855255 Marlena Bo\u0142truczuk Terapeutka wspomagaj\u0105ca dzieci ze spektrum autyzmu +447593907798<\/p>","protected":false},"author":1,"featured_media":0,"parent":0,"menu_order":0,"comment_status":"closed","ping_status":"closed","template":"","meta":{"footnotes":""},"class_list":["post-1328","page","type-page","status-publish","hentry"],"yoast_head":"<!-- This site is optimized with the Yoast SEO plugin v26.8 - https:\/\/yoast.com\/product\/yoast-seo-wordpress\/ -->\n<title>Understand Autism<\/title>\n<meta name=\"description\" content=\"Zrozumie\u0107 Autyzm \u2013 oferujemy wsparcie dla rodzic\u00f3w i dzieci w spektrum autyzmu oraz z chorobami pokrewnymi. Dzia\u0142amy w Londynie. Wejd\u017a na stron\u0119 i dowiedz si\u0119 wi\u0119cej!\" \/>\n<meta name=\"robots\" content=\"index, follow, max-snippet:-1, max-image-preview:large, max-video-preview:-1\" \/>\n<link rel=\"canonical\" href=\"https:\/\/understandautism0204.org\/en\/kontakt\/\" \/>\n<meta property=\"og:locale\" content=\"en_GB\" \/>\n<meta property=\"og:type\" content=\"article\" \/>\n<meta property=\"og:title\" content=\"Understand Autism\" \/>\n<meta property=\"og:description\" content=\"Zrozumie\u0107 Autyzm \u2013 oferujemy wsparcie dla rodzic\u00f3w i dzieci w spektrum autyzmu oraz z chorobami pokrewnymi. Dzia\u0142amy w Londynie. Wejd\u017a na stron\u0119 i dowiedz si\u0119 wi\u0119cej!\" \/>\n<meta property=\"og:url\" content=\"https:\/\/understandautism0204.org\/en\/kontakt\/\" \/>\n<meta property=\"og:site_name\" content=\"Understand Autism\" \/>\n<meta property=\"article:modified_time\" content=\"2025-03-05T20:50:37+00:00\" \/>\n<meta property=\"og:image\" content=\"https:\/\/understandautism0204.org\/wp-content\/uploads\/2025\/01\/Untitled-design-12.png\" \/>\n\t<meta property=\"og:image:width\" content=\"500\" \/>\n\t<meta property=\"og:image:height\" content=\"500\" \/>\n\t<meta property=\"og:image:type\" content=\"image\/png\" \/>\n<meta name=\"twitter:card\" content=\"summary_large_image\" \/>\n<meta name=\"twitter:label1\" content=\"Estimated reading time\" \/>\n\t<meta name=\"twitter:data1\" content=\"1 minute\" \/>\n<script type=\"application\/ld+json\" class=\"yoast-schema-graph\">{\"@context\":\"https:\/\/schema.org\",\"@graph\":[{\"@type\":\"WebPage\",\"@id\":\"https:\/\/understandautism0204.org\/kontakt\/\",\"url\":\"https:\/\/understandautism0204.org\/kontakt\/\",\"name\":\"Understand Autism\",\"isPartOf\":{\"@id\":\"https:\/\/understandautism0204.org\/#website\"},\"datePublished\":\"2025-02-26T09:00:26+00:00\",\"dateModified\":\"2025-03-05T20:50:37+00:00\",\"description\":\"Zrozumie\u0107 Autyzm \u2013 oferujemy wsparcie dla rodzic\u00f3w i dzieci w spektrum autyzmu oraz z chorobami pokrewnymi. Dzia\u0142amy w Londynie. Wejd\u017a na stron\u0119 i dowiedz si\u0119 wi\u0119cej!\",\"breadcrumb\":{\"@id\":\"https:\/\/understandautism0204.org\/kontakt\/#breadcrumb\"},\"inLanguage\":\"en-GB\",\"potentialAction\":[{\"@type\":\"ReadAction\",\"target\":[\"https:\/\/understandautism0204.org\/kontakt\/\"]}]},{\"@type\":\"BreadcrumbList\",\"@id\":\"https:\/\/understandautism0204.org\/kontakt\/#breadcrumb\",\"itemListElement\":[{\"@type\":\"ListItem\",\"position\":1,\"name\":\"Home\",\"item\":\"https:\/\/understandautism0204.org\/\"},{\"@type\":\"ListItem\",\"position\":2,\"name\":\"Kontakt\"}]},{\"@type\":\"WebSite\",\"@id\":\"https:\/\/understandautism0204.org\/#website\",\"url\":\"https:\/\/understandautism0204.org\/\",\"name\":\"Understand Autism\",\"description\":\"Spo\u0142eczno\u015b\u0107 rodzin dzieci ze spektrum autyzmu i zaburzeniami pokrewnymi.\",\"publisher\":{\"@id\":\"https:\/\/understandautism0204.org\/#organization\"},\"alternateName\":\"Zrozumie\u0107 autyzm\",\"potentialAction\":[{\"@type\":\"SearchAction\",\"target\":{\"@type\":\"EntryPoint\",\"urlTemplate\":\"https:\/\/understandautism0204.org\/?s={search_term_string}\"},\"query-input\":{\"@type\":\"PropertyValueSpecification\",\"valueRequired\":true,\"valueName\":\"search_term_string\"}}],\"inLanguage\":\"en-GB\"},{\"@type\":\"Organization\",\"@id\":\"https:\/\/understandautism0204.org\/#organization\",\"name\":\"Understand Autism\",\"alternateName\":\"Zrozumie\u0107 autyzm\",\"url\":\"https:\/\/understandautism0204.org\/\",\"logo\":{\"@type\":\"ImageObject\",\"inLanguage\":\"en-GB\",\"@id\":\"https:\/\/understandautism0204.org\/#\/schema\/logo\/image\/\",\"url\":\"https:\/\/understandautism0204.org\/wp-content\/uploads\/2025\/01\/Untitled-design-12.png\",\"contentUrl\":\"https:\/\/understandautism0204.org\/wp-content\/uploads\/2025\/01\/Untitled-design-12.png\",\"width\":500,\"height\":500,\"caption\":\"Understand Autism\"},\"image\":{\"@id\":\"https:\/\/understandautism0204.org\/#\/schema\/logo\/image\/\"}}]}<\/script>\n<!-- \/ Yoast SEO plugin. -->","yoast_head_json":{"title":"Understand Autism","description":"Zrozumie\u0107 Autyzm \u2013 oferujemy wsparcie dla rodzic\u00f3w i dzieci w spektrum autyzmu oraz z chorobami pokrewnymi. Dzia\u0142amy w Londynie. Wejd\u017a na stron\u0119 i dowiedz si\u0119 wi\u0119cej!","robots":{"index":"index","follow":"follow","max-snippet":"max-snippet:-1","max-image-preview":"max-image-preview:large","max-video-preview":"max-video-preview:-1"},"canonical":"https:\/\/understandautism0204.org\/en\/kontakt\/","og_locale":"en_GB","og_type":"article","og_title":"Understand Autism","og_description":"Zrozumie\u0107 Autyzm \u2013 oferujemy wsparcie dla rodzic\u00f3w i dzieci w spektrum autyzmu oraz z chorobami pokrewnymi. Dzia\u0142amy w Londynie. Wejd\u017a na stron\u0119 i dowiedz si\u0119 wi\u0119cej!","og_url":"https:\/\/understandautism0204.org\/en\/kontakt\/","og_site_name":"Understand Autism","article_modified_time":"2025-03-05T20:50:37+00:00","og_image":[{"width":500,"height":500,"url":"https:\/\/understandautism0204.org\/wp-content\/uploads\/2025\/01\/Untitled-design-12.png","type":"image\/png"}],"twitter_card":"summary_large_image","twitter_misc":{"Estimated reading time":"1 minute"},"schema":{"@context":"https:\/\/schema.org","@graph":[{"@type":"WebPage","@id":"https:\/\/understandautism0204.org\/kontakt\/","url":"https:\/\/understandautism0204.org\/kontakt\/","name":"Understand Autism","isPartOf":{"@id":"https:\/\/understandautism0204.org\/#website"},"datePublished":"2025-02-26T09:00:26+00:00","dateModified":"2025-03-05T20:50:37+00:00","description":"Zrozumie\u0107 Autyzm \u2013 oferujemy wsparcie dla rodzic\u00f3w i dzieci w spektrum autyzmu oraz z chorobami pokrewnymi. Dzia\u0142amy w Londynie. Wejd\u017a na stron\u0119 i dowiedz si\u0119 wi\u0119cej!","breadcrumb":{"@id":"https:\/\/understandautism0204.org\/kontakt\/#breadcrumb"},"inLanguage":"en-GB","potentialAction":[{"@type":"ReadAction","target":["https:\/\/understandautism0204.org\/kontakt\/"]}]},{"@type":"BreadcrumbList","@id":"https:\/\/understandautism0204.org\/kontakt\/#breadcrumb","itemListElement":[{"@type":"ListItem","position":1,"name":"Home","item":"https:\/\/understandautism0204.org\/"},{"@type":"ListItem","position":2,"name":"Kontakt"}]},{"@type":"WebSite","@id":"https:\/\/understandautism0204.org\/#website","url":"https:\/\/understandautism0204.org\/","name":"Understand Autism","description":"Spo\u0142eczno\u015b\u0107 rodzin dzieci ze spektrum autyzmu i zaburzeniami pokrewnymi.","publisher":{"@id":"https:\/\/understandautism0204.org\/#organization"},"alternateName":"Zrozumie\u0107 autyzm","potentialAction":[{"@type":"SearchAction","target":{"@type":"EntryPoint","urlTemplate":"https:\/\/understandautism0204.org\/?s={search_term_string}"},"query-input":{"@type":"PropertyValueSpecification","valueRequired":true,"valueName":"search_term_string"}}],"inLanguage":"en-GB"},{"@type":"Organization","@id":"https:\/\/understandautism0204.org\/#organization","name":"Understand Autism","alternateName":"Zrozumie\u0107 autyzm","url":"https:\/\/understandautism0204.org\/","logo":{"@type":"ImageObject","inLanguage":"en-GB","@id":"https:\/\/understandautism0204.org\/#\/schema\/logo\/image\/","url":"https:\/\/understandautism0204.org\/wp-content\/uploads\/2025\/01\/Untitled-design-12.png","contentUrl":"https:\/\/understandautism0204.org\/wp-content\/uploads\/2025\/01\/Untitled-design-12.png","width":500,"height":500,"caption":"Understand Autism"},"image":{"@id":"https:\/\/understandautism0204.org\/#\/schema\/logo\/image\/"}}]}},"_links":{"self":[{"href":"https:\/\/understandautism0204.org\/en\/wp-json\/wp\/v2\/pages\/1328","targetHints":{"allow":["GET"]}}],"collection":[{"href":"https:\/\/understandautism0204.org\/en\/wp-json\/wp\/v2\/pages"}],"about":[{"href":"https:\/\/understandautism0204.org\/en\/wp-json\/wp\/v2\/types\/page"}],"author":[{"embeddable":true,"href":"https:\/\/understandautism0204.org\/en\/wp-json\/wp\/v2\/users\/1"}],"replies":[{"embeddable":true,"href":"https:\/\/understandautism0204.org\/en\/wp-json\/wp\/v2\/comments?post=1328"}],"version-history":[{"count":25,"href":"https:\/\/understandautism0204.org\/en\/wp-json\/wp\/v2\/pages\/1328\/revisions"}],"predecessor-version":[{"id":1524,"href":"https:\/\/understandautism0204.org\/en\/wp-json\/wp\/v2\/pages\/1328\/revisions\/1524"}],"wp:attachment":[{"href":"https:\/\/understandautism0204.org\/en\/wp-json\/wp\/v2\/media?parent=1328"}],"curies":[{"name":"wp","href":"https:\/\/api.w.org\/{rel}","templated":true}]}}