{"id":19,"date":"2025-01-29T11:01:11","date_gmt":"2025-01-29T11:01:11","guid":{"rendered":"https:\/\/understandautism0204.org\/?page_id=19"},"modified":"2025-10-22T18:49:05","modified_gmt":"2025-10-22T18:49:05","slug":"wesprzyj-nas","status":"publish","type":"page","link":"https:\/\/understandautism0204.org\/en\/wesprzyj-nas\/","title":{"rendered":"Support us"},"content":{"rendered":"<div data-elementor-type=\"wp-page\" data-elementor-id=\"19\" class=\"elementor elementor-19\" data-elementor-post-type=\"page\">\n\t\t\t\t<div class=\"elementor-element elementor-element-9c3b60d e-flex e-con-boxed e-con e-parent\" data-id=\"9c3b60d\" data-element_type=\"container\" data-e-type=\"container\">\n\t\t\t\t\t<div class=\"e-con-inner\">\n\t\t\t\t<div class=\"elementor-element elementor-element-ff01304 elementor-widget elementor-widget-menu-anchor\" data-id=\"ff01304\" data-element_type=\"widget\" data-e-type=\"widget\" data-widget_type=\"menu-anchor.default\">\n\t\t\t\t<div class=\"elementor-widget-container\">\n\t\t\t\t\t\t\t<div class=\"elementor-menu-anchor\" id=\"nasze-potrzeby\"><\/div>\n\t\t\t\t\t\t<\/div>\n\t\t\t\t<\/div>\n\t\t\t\t\t<\/div>\n\t\t\t\t<\/div>\n\t\t<div class=\"elementor-element elementor-element-b8f8362 e-flex e-con-boxed e-con e-parent\" data-id=\"b8f8362\" data-element_type=\"container\" data-e-type=\"container\">\n\t\t\t\t\t<div class=\"e-con-inner\">\n\t\t<div class=\"elementor-element elementor-element-1dde8ae e-con-full e-flex e-con e-child\" data-id=\"1dde8ae\" data-element_type=\"container\" data-e-type=\"container\">\n\t\t\t\t<div class=\"elementor-element elementor-element-cc25ada elementor-widget elementor-widget-heading\" data-id=\"cc25ada\" data-element_type=\"widget\" data-e-type=\"widget\" data-widget_type=\"heading.default\">\n\t\t\t\t<div class=\"elementor-widget-container\">\n\t\t\t\t\t<h2 class=\"elementor-heading-title elementor-size-default\">Our needs <\/h2>\t\t\t\t<\/div>\n\t\t\t\t<\/div>\n\t\t\t\t<\/div>\n\t\t<div class=\"elementor-element elementor-element-d5f51ae e-con-full e-flex e-con e-child\" data-id=\"d5f51ae\" data-element_type=\"container\" data-e-type=\"container\">\n\t\t<div class=\"elementor-element elementor-element-fd3a5de e-con-full e-flex e-con e-child\" data-id=\"fd3a5de\" data-element_type=\"container\" data-e-type=\"container\" data-settings=\"{&quot;background_background&quot;:&quot;classic&quot;}\">\n\t\t\t\t<div class=\"elementor-element elementor-element-aaf4558 elementor-widget elementor-widget-text-editor\" data-id=\"aaf4558\" data-element_type=\"widget\" data-e-type=\"widget\" data-widget_type=\"text-editor.default\">\n\t\t\t\t<div class=\"elementor-widget-container\">\n\t\t\t\t\t\t\t\t\t<p><strong>Support Children with Autism \u2013 Together We Can Do More!<\/strong><\/p><p>Our organisation works for children with autism, providing them with education, development, and social integration. Every day, we strive to create a better future for them by organising educational workshops, training sessions, inclusive events, and activities tailored to their needs.<\/p><p>To continue our mission, we need your support! Every donation, even the smallest one, allows us to organise:<\/p>\t\t\t\t\t\t\t\t<\/div>\n\t\t\t\t<\/div>\n\t\t<div class=\"elementor-element elementor-element-2a8fa6e e-con-full e-flex e-con e-child\" data-id=\"2a8fa6e\" data-element_type=\"container\" data-e-type=\"container\">\n\t\t<div class=\"elementor-element elementor-element-e545f80 e-con-full e-flex e-con e-child\" data-id=\"e545f80\" data-element_type=\"container\" data-e-type=\"container\">\n\t\t\t\t<div class=\"elementor-element elementor-element-6dcc267 elementor-view-default elementor-position-block-start elementor-mobile-position-block-start elementor-widget elementor-widget-icon-box\" data-id=\"6dcc267\" data-element_type=\"widget\" data-e-type=\"widget\" data-widget_type=\"icon-box.default\">\n\t\t\t\t<div class=\"elementor-widget-container\">\n\t\t\t\t\t\t\t<div class=\"elementor-icon-box-wrapper\">\n\n\t\t\t\t\t\t<div class=\"elementor-icon-box-icon\">\n\t\t\t\t<span  class=\"elementor-icon\">\n\t\t\t\t<svg aria-hidden=\"true\" class=\"e-font-icon-svg e-fas-puzzle-piece\" viewbox=\"0 0 576 512\" xmlns=\"http:\/\/www.w3.org\/2000\/svg\"><path d=\"M519.442 288.651c-41.519 0-59.5 31.593-82.058 31.593C377.409 320.244 432 144 432 144s-196.288 80-196.288-3.297c0-35.827 36.288-46.25 36.288-85.985C272 19.216 243.885 0 210.539 0c-34.654 0-66.366 18.891-66.366 56.346 0 41.364 31.711 59.277 31.711 81.75C175.885 207.719 0 166.758 0 166.758v333.237s178.635 41.047 178.635-28.662c0-22.473-40-40.107-40-81.471 0-37.456 29.25-56.346 63.577-56.346 33.673 0 61.788 19.216 61.788 54.717 0 39.735-36.288 50.158-36.288 85.985 0 60.803 129.675 25.73 181.23 25.73 0 0-34.725-120.101 25.827-120.101 35.962 0 46.423 36.152 86.308 36.152C556.712 416 576 387.99 576 354.443c0-34.199-18.962-65.792-56.558-65.792z\"><\/path><\/svg>\t\t\t\t<\/span>\n\t\t\t<\/div>\n\t\t\t\n\t\t\t\t\t\t<div class=\"elementor-icon-box-content\">\n\n\t\t\t\t\t\t\t\t\t<h3 class=\"elementor-icon-box-title\">\n\t\t\t\t\t\t<span  >\n\t\t\t\t\t\t\tEducational workshops and training\t\t\t\t\t\t<\/span>\n\t\t\t\t\t<\/h3>\n\t\t\t\t\n\t\t\t\t\t\t\t\t\t<p class=\"elementor-icon-box-description\">\n\t\t\t\t\t\tHelp children develop social and communication skills.\t\t\t\t\t<\/p>\n\t\t\t\t\n\t\t\t<\/div>\n\t\t\t\n\t\t<\/div>\n\t\t\t\t\t\t<\/div>\n\t\t\t\t<\/div>\n\t\t\t\t<\/div>\n\t\t<div class=\"elementor-element elementor-element-3e2c36c e-con-full e-flex e-con e-child\" data-id=\"3e2c36c\" data-element_type=\"container\" data-e-type=\"container\">\n\t\t\t\t<div class=\"elementor-element elementor-element-9e1f6da elementor-view-default elementor-position-block-start elementor-mobile-position-block-start elementor-widget elementor-widget-icon-box\" data-id=\"9e1f6da\" data-element_type=\"widget\" data-e-type=\"widget\" data-widget_type=\"icon-box.default\">\n\t\t\t\t<div class=\"elementor-widget-container\">\n\t\t\t\t\t\t\t<div class=\"elementor-icon-box-wrapper\">\n\n\t\t\t\t\t\t<div class=\"elementor-icon-box-icon\">\n\t\t\t\t<span  class=\"elementor-icon\">\n\t\t\t\t<svg aria-hidden=\"true\" class=\"e-font-icon-svg e-fas-puzzle-piece\" viewbox=\"0 0 576 512\" xmlns=\"http:\/\/www.w3.org\/2000\/svg\"><path d=\"M519.442 288.651c-41.519 0-59.5 31.593-82.058 31.593C377.409 320.244 432 144 432 144s-196.288 80-196.288-3.297c0-35.827 36.288-46.25 36.288-85.985C272 19.216 243.885 0 210.539 0c-34.654 0-66.366 18.891-66.366 56.346 0 41.364 31.711 59.277 31.711 81.75C175.885 207.719 0 166.758 0 166.758v333.237s178.635 41.047 178.635-28.662c0-22.473-40-40.107-40-81.471 0-37.456 29.25-56.346 63.577-56.346 33.673 0 61.788 19.216 61.788 54.717 0 39.735-36.288 50.158-36.288 85.985 0 60.803 129.675 25.73 181.23 25.73 0 0-34.725-120.101 25.827-120.101 35.962 0 46.423 36.152 86.308 36.152C556.712 416 576 387.99 576 354.443c0-34.199-18.962-65.792-56.558-65.792z\"><\/path><\/svg>\t\t\t\t<\/span>\n\t\t\t<\/div>\n\t\t\t\n\t\t\t\t\t\t<div class=\"elementor-icon-box-content\">\n\n\t\t\t\t\t\t\t\t\t<h3 class=\"elementor-icon-box-title\">\n\t\t\t\t\t\t<span  >\n\t\t\t\t\t\t\tInclusive events\t\t\t\t\t\t<\/span>\n\t\t\t\t\t<\/h3>\n\t\t\t\t\n\t\t\t\t\t\t\t\t\t<p class=\"elementor-icon-box-description\">\n\t\t\t\t\t\t<br>Build a sense of acceptance and community.\t\t\t\t\t<\/p>\n\t\t\t\t\n\t\t\t<\/div>\n\t\t\t\n\t\t<\/div>\n\t\t\t\t\t\t<\/div>\n\t\t\t\t<\/div>\n\t\t\t\t<\/div>\n\t\t<div class=\"elementor-element elementor-element-f146a38 e-con-full e-flex e-con e-child\" data-id=\"f146a38\" data-element_type=\"container\" data-e-type=\"container\">\n\t\t\t\t<div class=\"elementor-element elementor-element-c67b508 elementor-view-default elementor-position-block-start elementor-mobile-position-block-start elementor-widget elementor-widget-icon-box\" data-id=\"c67b508\" data-element_type=\"widget\" data-e-type=\"widget\" data-widget_type=\"icon-box.default\">\n\t\t\t\t<div class=\"elementor-widget-container\">\n\t\t\t\t\t\t\t<div class=\"elementor-icon-box-wrapper\">\n\n\t\t\t\t\t\t<div class=\"elementor-icon-box-icon\">\n\t\t\t\t<span  class=\"elementor-icon\">\n\t\t\t\t<svg aria-hidden=\"true\" class=\"e-font-icon-svg e-fas-puzzle-piece\" viewbox=\"0 0 576 512\" xmlns=\"http:\/\/www.w3.org\/2000\/svg\"><path d=\"M519.442 288.651c-41.519 0-59.5 31.593-82.058 31.593C377.409 320.244 432 144 432 144s-196.288 80-196.288-3.297c0-35.827 36.288-46.25 36.288-85.985C272 19.216 243.885 0 210.539 0c-34.654 0-66.366 18.891-66.366 56.346 0 41.364 31.711 59.277 31.711 81.75C175.885 207.719 0 166.758 0 166.758v333.237s178.635 41.047 178.635-28.662c0-22.473-40-40.107-40-81.471 0-37.456 29.25-56.346 63.577-56.346 33.673 0 61.788 19.216 61.788 54.717 0 39.735-36.288 50.158-36.288 85.985 0 60.803 129.675 25.73 181.23 25.73 0 0-34.725-120.101 25.827-120.101 35.962 0 46.423 36.152 86.308 36.152C556.712 416 576 387.99 576 354.443c0-34.199-18.962-65.792-56.558-65.792z\"><\/path><\/svg>\t\t\t\t<\/span>\n\t\t\t<\/div>\n\t\t\t\n\t\t\t\t\t\t<div class=\"elementor-icon-box-content\">\n\n\t\t\t\t\t\t\t\t\t<h3 class=\"elementor-icon-box-title\">\n\t\t\t\t\t\t<span  >\n\t\t\t\t\t\t\tTherapeutic and developmental activities\t\t\t\t\t\t<\/span>\n\t\t\t\t\t<\/h3>\n\t\t\t\t\n\t\t\t\t\t\t\t\t\t<p class=\"elementor-icon-box-description\">\n\t\t\t\t\t\tTailored to the individual needs of children.\t\t\t\t\t<\/p>\n\t\t\t\t\n\t\t\t<\/div>\n\t\t\t\n\t\t<\/div>\n\t\t\t\t\t\t<\/div>\n\t\t\t\t<\/div>\n\t\t\t\t<\/div>\n\t\t\t\t<\/div>\n\t\t\t\t<div class=\"elementor-element elementor-element-2f34adc elementor-widget elementor-widget-text-editor\" data-id=\"2f34adc\" data-element_type=\"widget\" data-e-type=\"widget\" data-widget_type=\"text-editor.default\">\n\t\t\t\t<div class=\"elementor-widget-container\">\n\t\t\t\t\t\t\t\t\t<p>Your help is a real opportunity for a better future for children with autism. Join our mission and support us financially \u2013 together we can do more!<\/p><p><strong>How can you help?<\/strong>\u00a0Make a donation to our\u00a0<span class=\"il\">our<\/span>\u00a0account. Become a regular donor. Share information about our activities.<\/p><p>Thank you for your support!<\/p><p>Contact us to learn more!<\/p>\t\t\t\t\t\t\t\t<\/div>\n\t\t\t\t<\/div>\n\t\t\t\t<\/div>\n\t\t\t\t<\/div>\n\t\t\t\t\t<\/div>\n\t\t\t\t<\/div>\n\t\t<div class=\"elementor-element elementor-element-56240fc1 e-flex e-con-boxed e-con e-parent\" data-id=\"56240fc1\" data-element_type=\"container\" data-e-type=\"container\">\n\t\t\t\t\t<div class=\"e-con-inner\">\n\t\t\t\t<div class=\"elementor-element elementor-element-2e49167 elementor-widget__width-initial elementor-widget elementor-widget-image\" data-id=\"2e49167\" data-element_type=\"widget\" data-e-type=\"widget\" data-widget_type=\"image.default\">\n\t\t\t\t<div class=\"elementor-widget-container\">\n\t\t\t\t\t\t\t\t\t\t\t\t\t\t\t<img fetchpriority=\"high\" decoding=\"async\" width=\"768\" height=\"550\" src=\"https:\/\/understandautism0204.org\/wp-content\/uploads\/2025\/02\/pexels-pixabay-326612-768x550.jpg\" class=\"attachment-medium_large size-medium_large wp-image-1040\" alt=\"\" srcset=\"https:\/\/understandautism0204.org\/wp-content\/uploads\/2025\/02\/pexels-pixabay-326612-768x550.jpg 768w, https:\/\/understandautism0204.org\/wp-content\/uploads\/2025\/02\/pexels-pixabay-326612-300x215.jpg 300w, https:\/\/understandautism0204.org\/wp-content\/uploads\/2025\/02\/pexels-pixabay-326612-1024x733.jpg 1024w, https:\/\/understandautism0204.org\/wp-content\/uploads\/2025\/02\/pexels-pixabay-326612-1536x1100.jpg 1536w, https:\/\/understandautism0204.org\/wp-content\/uploads\/2025\/02\/pexels-pixabay-326612-2048x1467.jpg 2048w\" sizes=\"(max-width: 768px) 100vw, 768px\" \/>\t\t\t\t\t\t\t\t\t\t\t\t\t\t\t<\/div>\n\t\t\t\t<\/div>\n\t\t<div class=\"elementor-element elementor-element-46bcf253 e-con-full e-flex e-con e-child\" data-id=\"46bcf253\" data-element_type=\"container\" data-e-type=\"container\">\n\t\t<div class=\"elementor-element elementor-element-6dc74a2d e-con-full e-flex e-con e-child\" data-id=\"6dc74a2d\" data-element_type=\"container\" data-e-type=\"container\">\n\t\t\t\t<div class=\"elementor-element elementor-element-3c519339 elementor-widget elementor-widget-menu-anchor\" data-id=\"3c519339\" data-element_type=\"widget\" data-e-type=\"widget\" data-widget_type=\"menu-anchor.default\">\n\t\t\t\t<div class=\"elementor-widget-container\">\n\t\t\t\t\t\t\t<div class=\"elementor-menu-anchor\" id=\"wolontariat\"><\/div>\n\t\t\t\t\t\t<\/div>\n\t\t\t\t<\/div>\n\t\t\t\t<div class=\"elementor-element elementor-element-1928d4c7 elementor-widget elementor-widget-heading\" data-id=\"1928d4c7\" data-element_type=\"widget\" data-e-type=\"widget\" data-widget_type=\"heading.default\">\n\t\t\t\t<div class=\"elementor-widget-container\">\n\t\t\t\t\t<h2 class=\"elementor-heading-title elementor-size-default\">Volunteering<\/h2>\t\t\t\t<\/div>\n\t\t\t\t<\/div>\n\t\t\t\t<\/div>\n\t\t<div class=\"elementor-element elementor-element-57f0a118 e-con-full e-flex e-con e-child\" data-id=\"57f0a118\" data-element_type=\"container\" data-e-type=\"container\">\n\t\t\t\t<div class=\"elementor-element elementor-element-76a36b72 elementor-widget elementor-widget-text-editor\" data-id=\"76a36b72\" data-element_type=\"widget\" data-e-type=\"widget\" data-widget_type=\"text-editor.default\">\n\t\t\t\t<div class=\"elementor-widget-container\">\n\t\t\t\t\t\t\t\t\t<p>If you have extra free time, lots of energy, and a desire to help \u2013 you\u2019re the perfect person to become our volunteer!<br \/>Join our community!<\/p>\t\t\t\t\t\t\t\t<\/div>\n\t\t\t\t<\/div>\n\t\t\t\t<div class=\"elementor-element elementor-element-7e937ba0 elementor-widget elementor-widget-menu-anchor\" data-id=\"7e937ba0\" data-element_type=\"widget\" data-e-type=\"widget\" data-widget_type=\"menu-anchor.default\">\n\t\t\t\t<div class=\"elementor-widget-container\">\n\t\t\t\t\t\t\t<div class=\"elementor-menu-anchor\" id=\"wesprzyj\"><\/div>\n\t\t\t\t\t\t<\/div>\n\t\t\t\t<\/div>\n\t\t\t\t<div class=\"elementor-element elementor-element-456d101f elementor-widget elementor-widget-heading\" data-id=\"456d101f\" data-element_type=\"widget\" data-e-type=\"widget\" data-widget_type=\"heading.default\">\n\t\t\t\t<div class=\"elementor-widget-container\">\n\t\t\t\t\t<h2 class=\"elementor-heading-title elementor-size-default\">Support us<\/h2>\t\t\t\t<\/div>\n\t\t\t\t<\/div>\n\t\t\t\t<div class=\"elementor-element elementor-element-5fed76ce elementor-widget elementor-widget-text-editor\" data-id=\"5fed76ce\" data-element_type=\"widget\" data-e-type=\"widget\" data-widget_type=\"text-editor.default\">\n\t\t\t\t<div class=\"elementor-widget-container\">\n\t\t\t\t\t\t\t\t\t<p>Understand Autism<\/p><p>Sort Code: 30-99-50<\/p><p>Account Number: 63513063<\/p>\t\t\t\t\t\t\t\t<\/div>\n\t\t\t\t<\/div>\n\t\t\t\t<\/div>\n\t\t\t\t<\/div>\n\t\t\t\t\t<\/div>\n\t\t\t\t<\/div>\n\t\t\t\t<\/div>","protected":false},"excerpt":{"rendered":"<p>Nasze potrzeby Wspieraj dzieci z autyzmem \u2013 razem mo\u017cemy wi\u0119cej! Nasza organizacja dzia\u0142a na rzecz dzieci z autyzmem, zapewniaj\u0105c im edukacj\u0119, rozw\u00f3j i integracj\u0119 spo\u0142eczn\u0105. Ka\u017cdego dnia staramy si\u0119 tworzy\u0107 dla nich lepsz\u0105 przysz\u0142o\u015b\u0107, organizuj\u0105c warsztaty edukacyjne, szkolenia, wydarzenia integracyjne oraz zaj\u0119cia dostosowane do ich potrzeb. Aby m\u00f3c kontynuowa\u0107 nasz\u0105 misj\u0119, potrzebujemy Twojego wsparcia! Ka\u017cda, [&hellip;]<\/p>\n","protected":false},"author":1,"featured_media":0,"parent":0,"menu_order":0,"comment_status":"closed","ping_status":"closed","template":"","meta":{"footnotes":""},"class_list":["post-19","page","type-page","status-publish","hentry"],"yoast_head":"<!-- This site is optimized with the Yoast SEO plugin v26.8 - https:\/\/yoast.com\/product\/yoast-seo-wordpress\/ -->\n<title>Understand Autism<\/title>\n<meta name=\"description\" content=\"Zrozumie\u0107 Autyzm \u2013 oferujemy wsparcie dla rodzic\u00f3w i dzieci w spektrum autyzmu oraz z chorobami pokrewnymi. Dzia\u0142amy w Londynie. Wejd\u017a na stron\u0119 i dowiedz si\u0119 wi\u0119cej!\" \/>\n<meta name=\"robots\" content=\"index, follow, max-snippet:-1, max-image-preview:large, max-video-preview:-1\" \/>\n<link rel=\"canonical\" href=\"https:\/\/understandautism0204.org\/en\/wesprzyj-nas\/\" \/>\n<meta property=\"og:locale\" content=\"en_GB\" \/>\n<meta property=\"og:type\" content=\"article\" \/>\n<meta property=\"og:title\" content=\"Understand Autism\" \/>\n<meta property=\"og:description\" content=\"Zrozumie\u0107 Autyzm \u2013 oferujemy wsparcie dla rodzic\u00f3w i dzieci w spektrum autyzmu oraz z chorobami pokrewnymi. Dzia\u0142amy w Londynie. Wejd\u017a na stron\u0119 i dowiedz si\u0119 wi\u0119cej!\" \/>\n<meta property=\"og:url\" content=\"https:\/\/understandautism0204.org\/en\/wesprzyj-nas\/\" \/>\n<meta property=\"og:site_name\" content=\"Understand Autism\" \/>\n<meta property=\"article:modified_time\" content=\"2025-10-22T18:49:05+00:00\" \/>\n<meta property=\"og:image\" content=\"https:\/\/understandautism0204.org\/wp-content\/uploads\/2025\/02\/pexels-pixabay-326612-scaled.jpg\" \/>\n\t<meta property=\"og:image:width\" content=\"2560\" \/>\n\t<meta property=\"og:image:height\" content=\"1834\" \/>\n\t<meta property=\"og:image:type\" content=\"image\/jpeg\" \/>\n<meta name=\"twitter:card\" content=\"summary_large_image\" \/>\n<meta name=\"twitter:label1\" content=\"Estimated reading time\" \/>\n\t<meta name=\"twitter:data1\" content=\"1 minute\" \/>\n<script type=\"application\/ld+json\" class=\"yoast-schema-graph\">{\"@context\":\"https:\/\/schema.org\",\"@graph\":[{\"@type\":\"WebPage\",\"@id\":\"https:\/\/understandautism0204.org\/wesprzyj-nas\/\",\"url\":\"https:\/\/understandautism0204.org\/wesprzyj-nas\/\",\"name\":\"Understand Autism\",\"isPartOf\":{\"@id\":\"https:\/\/understandautism0204.org\/#website\"},\"primaryImageOfPage\":{\"@id\":\"https:\/\/understandautism0204.org\/wesprzyj-nas\/#primaryimage\"},\"image\":{\"@id\":\"https:\/\/understandautism0204.org\/wesprzyj-nas\/#primaryimage\"},\"thumbnailUrl\":\"https:\/\/understandautism0204.org\/wp-content\/uploads\/2025\/02\/pexels-pixabay-326612-768x550.jpg\",\"datePublished\":\"2025-01-29T11:01:11+00:00\",\"dateModified\":\"2025-10-22T18:49:05+00:00\",\"description\":\"Zrozumie\u0107 Autyzm \u2013 oferujemy wsparcie dla rodzic\u00f3w i dzieci w spektrum autyzmu oraz z chorobami pokrewnymi. Dzia\u0142amy w Londynie. Wejd\u017a na stron\u0119 i dowiedz si\u0119 wi\u0119cej!\",\"breadcrumb\":{\"@id\":\"https:\/\/understandautism0204.org\/wesprzyj-nas\/#breadcrumb\"},\"inLanguage\":\"en-GB\",\"potentialAction\":[{\"@type\":\"ReadAction\",\"target\":[\"https:\/\/understandautism0204.org\/wesprzyj-nas\/\"]}]},{\"@type\":\"ImageObject\",\"inLanguage\":\"en-GB\",\"@id\":\"https:\/\/understandautism0204.org\/wesprzyj-nas\/#primaryimage\",\"url\":\"https:\/\/understandautism0204.org\/wp-content\/uploads\/2025\/02\/pexels-pixabay-326612-768x550.jpg\",\"contentUrl\":\"https:\/\/understandautism0204.org\/wp-content\/uploads\/2025\/02\/pexels-pixabay-326612-768x550.jpg\"},{\"@type\":\"BreadcrumbList\",\"@id\":\"https:\/\/understandautism0204.org\/wesprzyj-nas\/#breadcrumb\",\"itemListElement\":[{\"@type\":\"ListItem\",\"position\":1,\"name\":\"Home\",\"item\":\"https:\/\/understandautism0204.org\/\"},{\"@type\":\"ListItem\",\"position\":2,\"name\":\"Wesprzyj nas\"}]},{\"@type\":\"WebSite\",\"@id\":\"https:\/\/understandautism0204.org\/#website\",\"url\":\"https:\/\/understandautism0204.org\/\",\"name\":\"Understand Autism\",\"description\":\"Spo\u0142eczno\u015b\u0107 rodzin dzieci ze spektrum autyzmu i zaburzeniami pokrewnymi.\",\"publisher\":{\"@id\":\"https:\/\/understandautism0204.org\/#organization\"},\"alternateName\":\"Zrozumie\u0107 autyzm\",\"potentialAction\":[{\"@type\":\"SearchAction\",\"target\":{\"@type\":\"EntryPoint\",\"urlTemplate\":\"https:\/\/understandautism0204.org\/?s={search_term_string}\"},\"query-input\":{\"@type\":\"PropertyValueSpecification\",\"valueRequired\":true,\"valueName\":\"search_term_string\"}}],\"inLanguage\":\"en-GB\"},{\"@type\":\"Organization\",\"@id\":\"https:\/\/understandautism0204.org\/#organization\",\"name\":\"Understand Autism\",\"alternateName\":\"Zrozumie\u0107 autyzm\",\"url\":\"https:\/\/understandautism0204.org\/\",\"logo\":{\"@type\":\"ImageObject\",\"inLanguage\":\"en-GB\",\"@id\":\"https:\/\/understandautism0204.org\/#\/schema\/logo\/image\/\",\"url\":\"https:\/\/understandautism0204.org\/wp-content\/uploads\/2025\/01\/Untitled-design-12.png\",\"contentUrl\":\"https:\/\/understandautism0204.org\/wp-content\/uploads\/2025\/01\/Untitled-design-12.png\",\"width\":500,\"height\":500,\"caption\":\"Understand Autism\"},\"image\":{\"@id\":\"https:\/\/understandautism0204.org\/#\/schema\/logo\/image\/\"}}]}<\/script>\n<!-- \/ Yoast SEO plugin. -->","yoast_head_json":{"title":"Understand Autism","description":"Zrozumie\u0107 Autyzm \u2013 oferujemy wsparcie dla rodzic\u00f3w i dzieci w spektrum autyzmu oraz z chorobami pokrewnymi. Dzia\u0142amy w Londynie. Wejd\u017a na stron\u0119 i dowiedz si\u0119 wi\u0119cej!","robots":{"index":"index","follow":"follow","max-snippet":"max-snippet:-1","max-image-preview":"max-image-preview:large","max-video-preview":"max-video-preview:-1"},"canonical":"https:\/\/understandautism0204.org\/en\/wesprzyj-nas\/","og_locale":"en_GB","og_type":"article","og_title":"Understand Autism","og_description":"Zrozumie\u0107 Autyzm \u2013 oferujemy wsparcie dla rodzic\u00f3w i dzieci w spektrum autyzmu oraz z chorobami pokrewnymi. Dzia\u0142amy w Londynie. Wejd\u017a na stron\u0119 i dowiedz si\u0119 wi\u0119cej!","og_url":"https:\/\/understandautism0204.org\/en\/wesprzyj-nas\/","og_site_name":"Understand Autism","article_modified_time":"2025-10-22T18:49:05+00:00","og_image":[{"width":2560,"height":1834,"url":"https:\/\/understandautism0204.org\/wp-content\/uploads\/2025\/02\/pexels-pixabay-326612-scaled.jpg","type":"image\/jpeg"}],"twitter_card":"summary_large_image","twitter_misc":{"Estimated reading time":"1 minute"},"schema":{"@context":"https:\/\/schema.org","@graph":[{"@type":"WebPage","@id":"https:\/\/understandautism0204.org\/wesprzyj-nas\/","url":"https:\/\/understandautism0204.org\/wesprzyj-nas\/","name":"Understand Autism","isPartOf":{"@id":"https:\/\/understandautism0204.org\/#website"},"primaryImageOfPage":{"@id":"https:\/\/understandautism0204.org\/wesprzyj-nas\/#primaryimage"},"image":{"@id":"https:\/\/understandautism0204.org\/wesprzyj-nas\/#primaryimage"},"thumbnailUrl":"https:\/\/understandautism0204.org\/wp-content\/uploads\/2025\/02\/pexels-pixabay-326612-768x550.jpg","datePublished":"2025-01-29T11:01:11+00:00","dateModified":"2025-10-22T18:49:05+00:00","description":"Zrozumie\u0107 Autyzm \u2013 oferujemy wsparcie dla rodzic\u00f3w i dzieci w spektrum autyzmu oraz z chorobami pokrewnymi. Dzia\u0142amy w Londynie. Wejd\u017a na stron\u0119 i dowiedz si\u0119 wi\u0119cej!","breadcrumb":{"@id":"https:\/\/understandautism0204.org\/wesprzyj-nas\/#breadcrumb"},"inLanguage":"en-GB","potentialAction":[{"@type":"ReadAction","target":["https:\/\/understandautism0204.org\/wesprzyj-nas\/"]}]},{"@type":"ImageObject","inLanguage":"en-GB","@id":"https:\/\/understandautism0204.org\/wesprzyj-nas\/#primaryimage","url":"https:\/\/understandautism0204.org\/wp-content\/uploads\/2025\/02\/pexels-pixabay-326612-768x550.jpg","contentUrl":"https:\/\/understandautism0204.org\/wp-content\/uploads\/2025\/02\/pexels-pixabay-326612-768x550.jpg"},{"@type":"BreadcrumbList","@id":"https:\/\/understandautism0204.org\/wesprzyj-nas\/#breadcrumb","itemListElement":[{"@type":"ListItem","position":1,"name":"Home","item":"https:\/\/understandautism0204.org\/"},{"@type":"ListItem","position":2,"name":"Wesprzyj nas"}]},{"@type":"WebSite","@id":"https:\/\/understandautism0204.org\/#website","url":"https:\/\/understandautism0204.org\/","name":"Understand Autism","description":"Spo\u0142eczno\u015b\u0107 rodzin dzieci ze spektrum autyzmu i zaburzeniami pokrewnymi.","publisher":{"@id":"https:\/\/understandautism0204.org\/#organization"},"alternateName":"Zrozumie\u0107 autyzm","potentialAction":[{"@type":"SearchAction","target":{"@type":"EntryPoint","urlTemplate":"https:\/\/understandautism0204.org\/?s={search_term_string}"},"query-input":{"@type":"PropertyValueSpecification","valueRequired":true,"valueName":"search_term_string"}}],"inLanguage":"en-GB"},{"@type":"Organization","@id":"https:\/\/understandautism0204.org\/#organization","name":"Understand Autism","alternateName":"Zrozumie\u0107 autyzm","url":"https:\/\/understandautism0204.org\/","logo":{"@type":"ImageObject","inLanguage":"en-GB","@id":"https:\/\/understandautism0204.org\/#\/schema\/logo\/image\/","url":"https:\/\/understandautism0204.org\/wp-content\/uploads\/2025\/01\/Untitled-design-12.png","contentUrl":"https:\/\/understandautism0204.org\/wp-content\/uploads\/2025\/01\/Untitled-design-12.png","width":500,"height":500,"caption":"Understand Autism"},"image":{"@id":"https:\/\/understandautism0204.org\/#\/schema\/logo\/image\/"}}]}},"_links":{"self":[{"href":"https:\/\/understandautism0204.org\/en\/wp-json\/wp\/v2\/pages\/19","targetHints":{"allow":["GET"]}}],"collection":[{"href":"https:\/\/understandautism0204.org\/en\/wp-json\/wp\/v2\/pages"}],"about":[{"href":"https:\/\/understandautism0204.org\/en\/wp-json\/wp\/v2\/types\/page"}],"author":[{"embeddable":true,"href":"https:\/\/understandautism0204.org\/en\/wp-json\/wp\/v2\/users\/1"}],"replies":[{"embeddable":true,"href":"https:\/\/understandautism0204.org\/en\/wp-json\/wp\/v2\/comments?post=19"}],"version-history":[{"count":118,"href":"https:\/\/understandautism0204.org\/en\/wp-json\/wp\/v2\/pages\/19\/revisions"}],"predecessor-version":[{"id":1809,"href":"https:\/\/understandautism0204.org\/en\/wp-json\/wp\/v2\/pages\/19\/revisions\/1809"}],"wp:attachment":[{"href":"https:\/\/understandautism0204.org\/en\/wp-json\/wp\/v2\/media?parent=19"}],"curies":[{"name":"wp","href":"https:\/\/api.w.org\/{rel}","templated":true}]}}